{"id":3906,"date":"2023-09-28T10:11:43","date_gmt":"2023-09-28T08:11:43","guid":{"rendered":"https:\/\/re-fe.com\/?post_type=product&#038;p=3906"},"modified":"2024-06-13T13:38:28","modified_gmt":"2024-06-13T11:38:28","slug":"re-fe-twist-coffee-capsules-recycler","status":"publish","type":"product","link":"https:\/\/re-fe.com\/en\/prodotto\/re-fe-twist-coffee-capsules-recycler\/","title":{"rendered":"Re-f\u00e8 TWIST &#8211; Coffee Capsules Recycler"},"content":{"rendered":"\t\t<div data-elementor-type=\"product-post\" data-elementor-id=\"3906\" class=\"elementor elementor-3906 elementor-3904\" data-elementor-post-type=\"product\">\n\t\t\t\t\t\t\t\t\t<section class=\"elementor-section elementor-top-section elementor-element elementor-element-45d0d2a elementor-section-boxed elementor-section-height-default elementor-section-height-default\" data-id=\"45d0d2a\" data-element_type=\"section\">\n\t\t\t\t\t\t<div class=\"elementor-container elementor-column-gap-default\">\n\t\t\t\t\t<div class=\"elementor-column elementor-col-100 elementor-top-column elementor-element elementor-element-711a040\" data-id=\"711a040\" data-element_type=\"column\">\n\t\t\t<div class=\"elementor-widget-wrap elementor-element-populated\">\n\t\t\t\t\t\t\t\t<div class=\"elementor-element elementor-element-6f826bf elementor-widget elementor-widget-spacer\" data-id=\"6f826bf\" data-element_type=\"widget\" data-widget_type=\"spacer.default\">\n\t\t\t\t<div class=\"elementor-widget-container\">\n\t\t\t<style>\/*! elementor - v3.18.0 - 20-12-2023 *\/\n.elementor-column .elementor-spacer-inner{height:var(--spacer-size)}.e-con{--container-widget-width:100%}.e-con-inner>.elementor-widget-spacer,.e-con>.elementor-widget-spacer{width:var(--container-widget-width,var(--spacer-size));--align-self:var(--container-widget-align-self,initial);--flex-shrink:0}.e-con-inner>.elementor-widget-spacer>.elementor-widget-container,.e-con>.elementor-widget-spacer>.elementor-widget-container{height:100%;width:100%}.e-con-inner>.elementor-widget-spacer>.elementor-widget-container>.elementor-spacer,.e-con>.elementor-widget-spacer>.elementor-widget-container>.elementor-spacer{height:100%}.e-con-inner>.elementor-widget-spacer>.elementor-widget-container>.elementor-spacer>.elementor-spacer-inner,.e-con>.elementor-widget-spacer>.elementor-widget-container>.elementor-spacer>.elementor-spacer-inner{height:var(--container-widget-height,var(--spacer-size))}.e-con-inner>.elementor-widget-spacer.elementor-widget-empty,.e-con>.elementor-widget-spacer.elementor-widget-empty{position:relative;min-height:22px;min-width:22px}.e-con-inner>.elementor-widget-spacer.elementor-widget-empty .elementor-widget-empty-icon,.e-con>.elementor-widget-spacer.elementor-widget-empty .elementor-widget-empty-icon{position:absolute;top:0;bottom:0;left:0;right:0;margin:auto;padding:0;width:22px;height:22px}<\/style>\t\t<div class=\"elementor-spacer\">\n\t\t\t<div class=\"elementor-spacer-inner\"><\/div>\n\t\t<\/div>\n\t\t\t\t<\/div>\n\t\t\t\t<\/div>\n\t\t\t\t\t<\/div>\n\t\t<\/div>\n\t\t\t\t\t\t\t<\/div>\n\t\t<\/section>\n\t\t\t\t\t\t\t<\/div>\n\t\t","protected":false},"excerpt":{"rendered":"<p>Re-f\u00e8\u00ae TWIST Beta capsule opener is a capsule opener that supports <strong>Lavazza* A Modo Mio capsules<\/strong><\/p>\n<p class=\"view-mode unstyled style-a0343ca8-b941-40de-8625-de47cec4be6d\" data-sanitized-data-mce-fragment=\"1\"><span data-sanitized-data-mce-fragment=\"1\">A tool to easily separate used capsules from coffee grounds<\/span><span data-sanitized-data-mce-fragment=\"1\"> and recycle them properly. Made and produced in Italy and 3D printed using low environmental impact materials.<\/span><\/p>\n<p data-sanitized-data-mce-fragment=\"1\"><strong>ATTENTION: Do not wash in the dishwasher and do not expose to heat sources.<\/strong> For more information, read the cleaning and use manual.<\/p>\n<h6 class=\"view-mode unstyled style-a0343ca8-b941-40de-8625-de47cec4be6d\" data-sanitized-data-mce-fragment=\"1\"><span data-sanitized-data-mce-fragment=\"1\">*The Lavazza brand is owned by Luigi Lavazza S.p.A.<\/span><\/h6>\n<h3><strong>What does Beta mean?<\/strong><\/h3>\n<p>We&#8217;ve been working on Re-f\u00e8 TWIST for months, and now it&#8217;s finally ready for the public. We have a limited number of Re-f\u00e8 TWIST pieces available for preview at a reduced price. Packaging will be limited to the shipping box and usage instructions.<\/p>\n<h3><strong>Compatible capsules.<\/strong><\/h3>\n<p>Only Lavazza* A Modo Mio, Blue, Firma capsules<\/p>\n<p>\ud83d\udc4b Not sure if your capsules are compatible? Contact us by live chat or by email at team@re-fe.com<\/p>\n","protected":false},"featured_media":3908,"template":"","meta":[],"product_brand":[],"product_cat":[44],"product_tag":[],"class_list":{"0":"post-3906","1":"product","2":"type-product","3":"status-publish","4":"has-post-thumbnail","6":"product_cat-capsules-opener","8":"first","9":"instock","10":"shipping-taxable","11":"purchasable","12":"product-type-variable"},"acf":[],"yoast_head":"<!-- This site is optimized with the Yoast SEO plugin v21.8 - https:\/\/yoast.com\/wordpress\/plugins\/seo\/ -->\n<title>Re-f\u00e8 TWIST - Coffee Capsules Recycler | Re-f\u00e8<\/title>\n<meta name=\"robots\" content=\"index, follow, max-snippet:-1, max-image-preview:large, max-video-preview:-1\" \/>\n<link rel=\"canonical\" href=\"https:\/\/re-fe.com\/en\/prodotto\/re-fe-twist-coffee-capsules-recycler\/\" \/>\n<meta property=\"og:locale\" content=\"en_US\" \/>\n<meta property=\"og:type\" content=\"article\" \/>\n<meta property=\"og:title\" content=\"Re-f\u00e8 TWIST - Coffee Capsules Recycler | Re-f\u00e8\" \/>\n<meta property=\"og:description\" content=\"Re-f\u00e8\u00ae TWIST Beta capsule opener is a capsule opener that supports Lavazza* A Modo Mio capsules A tool to easily separate used capsules from coffee grounds and recycle them properly. Made and produced in Italy and 3D printed using low environmental impact materials. ATTENTION: Do not wash in the dishwasher and do not expose to heat sources. For more information, read the cleaning and use manual.  *The Lavazza brand is owned by Luigi Lavazza S.p.A. What does Beta mean? We&#039;ve been working on Re-f\u00e8 TWIST for months, and now it&#039;s finally ready for the public. We have a limited number of Re-f\u00e8 TWIST pieces available for preview at a reduced price. Packaging will be limited to the shipping box and usage instructions. Compatible capsules. Only Lavazza* A Modo Mio, Blue, Firma capsules  \ud83d\udc4b Not sure if your capsules are compatible? Contact us by live chat or by email at team@re-fe.com\" \/>\n<meta property=\"og:url\" content=\"https:\/\/re-fe.com\/en\/prodotto\/re-fe-twist-coffee-capsules-recycler\/\" \/>\n<meta property=\"og:site_name\" content=\"Re-f\u00e8\" \/>\n<meta property=\"article:publisher\" content=\"https:\/\/www.facebook.com\/refecoffee\/\" \/>\n<meta property=\"article:modified_time\" content=\"2024-06-13T11:38:28+00:00\" \/>\n<meta property=\"og:image\" content=\"https:\/\/re-fe.com\/wp-content\/uploads\/2023\/05\/Copertina-Re-fe-TWIST-Beta.jpg\" \/>\n\t<meta property=\"og:image:width\" content=\"1838\" \/>\n\t<meta property=\"og:image:height\" content=\"1838\" \/>\n\t<meta property=\"og:image:type\" content=\"image\/jpeg\" \/>\n<meta name=\"twitter:card\" content=\"summary_large_image\" \/>\n<script type=\"application\/ld+json\" class=\"yoast-schema-graph\">{\"@context\":\"https:\/\/schema.org\",\"@graph\":[{\"@type\":\"WebPage\",\"@id\":\"https:\/\/re-fe.com\/en\/prodotto\/re-fe-twist-coffee-capsules-recycler\/\",\"url\":\"https:\/\/re-fe.com\/en\/prodotto\/re-fe-twist-coffee-capsules-recycler\/\",\"name\":\"Re-f\u00e8 TWIST - Coffee Capsules Recycler | Re-f\u00e8\",\"isPartOf\":{\"@id\":\"https:\/\/re-fe.com\/#website\"},\"datePublished\":\"2023-09-28T08:11:43+00:00\",\"dateModified\":\"2024-06-13T11:38:28+00:00\",\"breadcrumb\":{\"@id\":\"https:\/\/re-fe.com\/en\/prodotto\/re-fe-twist-coffee-capsules-recycler\/#breadcrumb\"},\"inLanguage\":\"en-US\",\"potentialAction\":[{\"@type\":\"ReadAction\",\"target\":[\"https:\/\/re-fe.com\/en\/prodotto\/re-fe-twist-coffee-capsules-recycler\/\"]}]},{\"@type\":\"BreadcrumbList\",\"@id\":\"https:\/\/re-fe.com\/en\/prodotto\/re-fe-twist-coffee-capsules-recycler\/#breadcrumb\",\"itemListElement\":[{\"@type\":\"ListItem\",\"position\":1,\"name\":\"Home\",\"item\":\"https:\/\/re-fe.com\/en\/\"},{\"@type\":\"ListItem\",\"position\":2,\"name\":\"Shop\",\"item\":\"https:\/\/re-fe.com\/en\/shop\/\"},{\"@type\":\"ListItem\",\"position\":3,\"name\":\"Re-f\u00e8 TWIST &#8211; Coffee Capsules Recycler\"}]},{\"@type\":\"WebSite\",\"@id\":\"https:\/\/re-fe.com\/#website\",\"url\":\"https:\/\/re-fe.com\/\",\"name\":\"Re-f\u00e8 - Apri, svuota e ricicla capsule caff\u00e8\",\"description\":\"Ricicla e svuota capsule caff\u00e8. Apricapsule per separare capsule caff\u00e8 Nespresso e compatibili. Dai una seconda vita alle tue pause caff\u00e8.\",\"publisher\":{\"@id\":\"https:\/\/re-fe.com\/#organization\"},\"potentialAction\":[{\"@type\":\"SearchAction\",\"target\":{\"@type\":\"EntryPoint\",\"urlTemplate\":\"https:\/\/re-fe.com\/?s={search_term_string}\"},\"query-input\":\"required name=search_term_string\"}],\"inLanguage\":\"en-US\"},{\"@type\":\"Organization\",\"@id\":\"https:\/\/re-fe.com\/#organization\",\"name\":\"Re-f\u00e8\",\"url\":\"https:\/\/re-fe.com\/\",\"logo\":{\"@type\":\"ImageObject\",\"inLanguage\":\"en-US\",\"@id\":\"https:\/\/re-fe.com\/#\/schema\/logo\/image\/\",\"url\":\"https:\/\/re-fe.com\/wp-content\/uploads\/2022\/07\/Logo-Re-fe_Nero.png\",\"contentUrl\":\"https:\/\/re-fe.com\/wp-content\/uploads\/2022\/07\/Logo-Re-fe_Nero.png\",\"width\":2105,\"height\":647,\"caption\":\"Re-f\u00e8\"},\"image\":{\"@id\":\"https:\/\/re-fe.com\/#\/schema\/logo\/image\/\"},\"sameAs\":[\"https:\/\/www.facebook.com\/refecoffee\/\",\"https:\/\/www.instagram.com\/refe_coffee\/\",\"https:\/\/www.linkedin.com\/company\/re-fe\"]}]}<\/script>\n<!-- \/ Yoast SEO plugin. -->","yoast_head_json":{"title":"Re-f\u00e8 TWIST - Coffee Capsules Recycler | Re-f\u00e8","robots":{"index":"index","follow":"follow","max-snippet":"max-snippet:-1","max-image-preview":"max-image-preview:large","max-video-preview":"max-video-preview:-1"},"canonical":"https:\/\/re-fe.com\/en\/prodotto\/re-fe-twist-coffee-capsules-recycler\/","og_locale":"en_US","og_type":"article","og_title":"Re-f\u00e8 TWIST - Coffee Capsules Recycler | Re-f\u00e8","og_description":"Re-f\u00e8\u00ae TWIST Beta capsule opener is a capsule opener that supports Lavazza* A Modo Mio capsules A tool to easily separate used capsules from coffee grounds and recycle them properly. Made and produced in Italy and 3D printed using low environmental impact materials. ATTENTION: Do not wash in the dishwasher and do not expose to heat sources. For more information, read the cleaning and use manual.  *The Lavazza brand is owned by Luigi Lavazza S.p.A. What does Beta mean? We've been working on Re-f\u00e8 TWIST for months, and now it's finally ready for the public. We have a limited number of Re-f\u00e8 TWIST pieces available for preview at a reduced price. Packaging will be limited to the shipping box and usage instructions. Compatible capsules. Only Lavazza* A Modo Mio, Blue, Firma capsules  \ud83d\udc4b Not sure if your capsules are compatible? Contact us by live chat or by email at team@re-fe.com","og_url":"https:\/\/re-fe.com\/en\/prodotto\/re-fe-twist-coffee-capsules-recycler\/","og_site_name":"Re-f\u00e8","article_publisher":"https:\/\/www.facebook.com\/refecoffee\/","article_modified_time":"2024-06-13T11:38:28+00:00","og_image":[{"width":1838,"height":1838,"url":"https:\/\/re-fe.com\/wp-content\/uploads\/2023\/05\/Copertina-Re-fe-TWIST-Beta.jpg","type":"image\/jpeg"}],"twitter_card":"summary_large_image","schema":{"@context":"https:\/\/schema.org","@graph":[{"@type":"WebPage","@id":"https:\/\/re-fe.com\/en\/prodotto\/re-fe-twist-coffee-capsules-recycler\/","url":"https:\/\/re-fe.com\/en\/prodotto\/re-fe-twist-coffee-capsules-recycler\/","name":"Re-f\u00e8 TWIST - Coffee Capsules Recycler | Re-f\u00e8","isPartOf":{"@id":"https:\/\/re-fe.com\/#website"},"datePublished":"2023-09-28T08:11:43+00:00","dateModified":"2024-06-13T11:38:28+00:00","breadcrumb":{"@id":"https:\/\/re-fe.com\/en\/prodotto\/re-fe-twist-coffee-capsules-recycler\/#breadcrumb"},"inLanguage":"en-US","potentialAction":[{"@type":"ReadAction","target":["https:\/\/re-fe.com\/en\/prodotto\/re-fe-twist-coffee-capsules-recycler\/"]}]},{"@type":"BreadcrumbList","@id":"https:\/\/re-fe.com\/en\/prodotto\/re-fe-twist-coffee-capsules-recycler\/#breadcrumb","itemListElement":[{"@type":"ListItem","position":1,"name":"Home","item":"https:\/\/re-fe.com\/en\/"},{"@type":"ListItem","position":2,"name":"Shop","item":"https:\/\/re-fe.com\/en\/shop\/"},{"@type":"ListItem","position":3,"name":"Re-f\u00e8 TWIST &#8211; Coffee Capsules Recycler"}]},{"@type":"WebSite","@id":"https:\/\/re-fe.com\/#website","url":"https:\/\/re-fe.com\/","name":"Re-f\u00e8 - Apri, svuota e ricicla capsule caff\u00e8","description":"Ricicla e svuota capsule caff\u00e8. Apricapsule per separare capsule caff\u00e8 Nespresso e compatibili. Dai una seconda vita alle tue pause caff\u00e8.","publisher":{"@id":"https:\/\/re-fe.com\/#organization"},"potentialAction":[{"@type":"SearchAction","target":{"@type":"EntryPoint","urlTemplate":"https:\/\/re-fe.com\/?s={search_term_string}"},"query-input":"required name=search_term_string"}],"inLanguage":"en-US"},{"@type":"Organization","@id":"https:\/\/re-fe.com\/#organization","name":"Re-f\u00e8","url":"https:\/\/re-fe.com\/","logo":{"@type":"ImageObject","inLanguage":"en-US","@id":"https:\/\/re-fe.com\/#\/schema\/logo\/image\/","url":"https:\/\/re-fe.com\/wp-content\/uploads\/2022\/07\/Logo-Re-fe_Nero.png","contentUrl":"https:\/\/re-fe.com\/wp-content\/uploads\/2022\/07\/Logo-Re-fe_Nero.png","width":2105,"height":647,"caption":"Re-f\u00e8"},"image":{"@id":"https:\/\/re-fe.com\/#\/schema\/logo\/image\/"},"sameAs":["https:\/\/www.facebook.com\/refecoffee\/","https:\/\/www.instagram.com\/refe_coffee\/","https:\/\/www.linkedin.com\/company\/re-fe"]}]}},"_links":{"self":[{"href":"https:\/\/re-fe.com\/en\/wp-json\/wp\/v2\/product\/3906","targetHints":{"allow":["GET"]}}],"collection":[{"href":"https:\/\/re-fe.com\/en\/wp-json\/wp\/v2\/product"}],"about":[{"href":"https:\/\/re-fe.com\/en\/wp-json\/wp\/v2\/types\/product"}],"version-history":[{"count":2,"href":"https:\/\/re-fe.com\/en\/wp-json\/wp\/v2\/product\/3906\/revisions"}],"predecessor-version":[{"id":4703,"href":"https:\/\/re-fe.com\/en\/wp-json\/wp\/v2\/product\/3906\/revisions\/4703"}],"wp:featuredmedia":[{"embeddable":true,"href":"https:\/\/re-fe.com\/en\/wp-json\/wp\/v2\/media\/3908"}],"wp:attachment":[{"href":"https:\/\/re-fe.com\/en\/wp-json\/wp\/v2\/media?parent=3906"}],"wp:term":[{"taxonomy":"product_brand","embeddable":true,"href":"https:\/\/re-fe.com\/en\/wp-json\/wp\/v2\/product_brand?post=3906"},{"taxonomy":"product_cat","embeddable":true,"href":"https:\/\/re-fe.com\/en\/wp-json\/wp\/v2\/product_cat?post=3906"},{"taxonomy":"product_tag","embeddable":true,"href":"https:\/\/re-fe.com\/en\/wp-json\/wp\/v2\/product_tag?post=3906"}],"curies":[{"name":"wp","href":"https:\/\/api.w.org\/{rel}","templated":true}]}}