{"id":3171,"date":"2022-07-27T10:12:33","date_gmt":"2022-07-27T08:12:33","guid":{"rendered":"https:\/\/re-fe.com\/prodotto\/screwable-base-replacement-component\/"},"modified":"2023-08-08T20:48:51","modified_gmt":"2023-08-08T18:48:51","slug":"screwable-base-for-re-fe-original-replacement-component","status":"publish","type":"product","link":"https:\/\/re-fe.com\/en\/prodotto\/screwable-base-for-re-fe-original-replacement-component\/","title":{"rendered":"Screwable Base &#8211; Replacement Component"},"content":{"rendered":"","protected":false},"excerpt":{"rendered":"<p>&#8220;Screwable base&#8221; replacement component compatible with<span data-sanitized-data-mce-fragment=\"1\"> <\/span><span data-sanitized-data-mce-fragment=\"1\">Re-f\u00e8 Original. Replace the bioplastic &#8220;base&#8221; part with this component to repair and return to use Re-f\u00e8 Original.<\/span><\/p>\n<p><span data-sanitized-data-mce-fragment=\"1\">Re-f\u00e8 Original is a capsule opener suitable for Nespresso\u00ae* Original and other compatible aluminum capsule brands.<\/span><\/p>\n<p class=\"view-mode unstyled style-a0343ca8-b941-40de-8625-de47cec4be6d\" data-sanitized-data-mce-fragment=\"1\"><span data-sanitized-data-mce-fragment=\"1\">A tool for easily separating used aluminum capsules from coffee grounds. Made and produced in Italy, and 3D printed. Re-f\u00e8 is modular and individual components are replaceable by purchasing them individually.<\/span><\/p>\n<p>PLEASE NOTE: **Re-f\u00e8 is compatible with all brands of aluminum capsules (excluding capsules for professional, &#8216;built-in&#8217;, and Nespresso\u00ae* Vertuo models). Not compatible with plastic capsules.<\/p>\n<p>*The Nespresso brand is owned by Nestl\u00e9 Products Company S.A.<\/p>\n","protected":false},"featured_media":2999,"template":"","meta":[],"product_brand":[],"product_cat":[46],"product_tag":[45],"class_list":{"0":"post-3171","1":"product","2":"type-product","3":"status-publish","4":"has-post-thumbnail","6":"product_cat-replacement-components","7":"product_tag-re-fe-original-en","9":"first","10":"instock","11":"shipping-taxable","12":"purchasable","13":"product-type-simple"},"acf":[],"yoast_head":"<!-- This site is optimized with the Yoast SEO plugin v21.8 - https:\/\/yoast.com\/wordpress\/plugins\/seo\/ -->\n<title>Screwable Base - Replacement Component | Re-f\u00e8<\/title>\n<meta name=\"robots\" content=\"index, follow, max-snippet:-1, max-image-preview:large, max-video-preview:-1\" \/>\n<link rel=\"canonical\" href=\"https:\/\/re-fe.com\/en\/prodotto\/screwable-base-for-re-fe-original-replacement-component\/\" \/>\n<meta property=\"og:locale\" content=\"en_US\" \/>\n<meta property=\"og:type\" content=\"article\" \/>\n<meta property=\"og:title\" content=\"Screwable Base - Replacement Component | Re-f\u00e8\" \/>\n<meta property=\"og:description\" content=\"&quot;Screwable base&quot; replacement component compatible with Re-f\u00e8 Original. Replace the bioplastic &quot;base&quot; part with this component to repair and return to use Re-f\u00e8 Original. Re-f\u00e8 Original is a capsule opener suitable for Nespresso\u00ae* Original and other compatible aluminum capsule brands. A tool for easily separating used aluminum capsules from coffee grounds. Made and produced in Italy, and 3D printed. Re-f\u00e8 is modular and individual components are replaceable by purchasing them individually. PLEASE NOTE: **Re-f\u00e8 is compatible with all brands of aluminum capsules (excluding capsules for professional, &#039;built-in&#039;, and Nespresso\u00ae* Vertuo models). Not compatible with plastic capsules. *The Nespresso brand is owned by Nestl\u00e9 Products Company S.A.\" \/>\n<meta property=\"og:url\" content=\"https:\/\/re-fe.com\/en\/prodotto\/screwable-base-for-re-fe-original-replacement-component\/\" \/>\n<meta property=\"og:site_name\" content=\"Re-f\u00e8\" \/>\n<meta property=\"article:publisher\" content=\"https:\/\/www.facebook.com\/refecoffee\/\" \/>\n<meta property=\"article:modified_time\" content=\"2023-08-08T18:48:51+00:00\" \/>\n<meta property=\"og:image\" content=\"https:\/\/re-fe.com\/wp-content\/uploads\/2022\/07\/DSC00253copia7.jpg\" \/>\n\t<meta property=\"og:image:width\" content=\"1432\" \/>\n\t<meta property=\"og:image:height\" content=\"1432\" \/>\n\t<meta property=\"og:image:type\" content=\"image\/jpeg\" \/>\n<meta name=\"twitter:card\" content=\"summary_large_image\" \/>\n<script type=\"application\/ld+json\" class=\"yoast-schema-graph\">{\"@context\":\"https:\/\/schema.org\",\"@graph\":[{\"@type\":\"WebPage\",\"@id\":\"https:\/\/re-fe.com\/en\/prodotto\/screwable-base-for-re-fe-original-replacement-component\/\",\"url\":\"https:\/\/re-fe.com\/en\/prodotto\/screwable-base-for-re-fe-original-replacement-component\/\",\"name\":\"Screwable Base - Replacement Component | Re-f\u00e8\",\"isPartOf\":{\"@id\":\"https:\/\/re-fe.com\/#website\"},\"datePublished\":\"2022-07-27T08:12:33+00:00\",\"dateModified\":\"2023-08-08T18:48:51+00:00\",\"breadcrumb\":{\"@id\":\"https:\/\/re-fe.com\/en\/prodotto\/screwable-base-for-re-fe-original-replacement-component\/#breadcrumb\"},\"inLanguage\":\"en-US\",\"potentialAction\":[{\"@type\":\"ReadAction\",\"target\":[\"https:\/\/re-fe.com\/en\/prodotto\/screwable-base-for-re-fe-original-replacement-component\/\"]}]},{\"@type\":\"BreadcrumbList\",\"@id\":\"https:\/\/re-fe.com\/en\/prodotto\/screwable-base-for-re-fe-original-replacement-component\/#breadcrumb\",\"itemListElement\":[{\"@type\":\"ListItem\",\"position\":1,\"name\":\"Home\",\"item\":\"https:\/\/re-fe.com\/en\/\"},{\"@type\":\"ListItem\",\"position\":2,\"name\":\"Shop\",\"item\":\"https:\/\/re-fe.com\/en\/shop\/\"},{\"@type\":\"ListItem\",\"position\":3,\"name\":\"Screwable Base &#8211; Replacement Component\"}]},{\"@type\":\"WebSite\",\"@id\":\"https:\/\/re-fe.com\/#website\",\"url\":\"https:\/\/re-fe.com\/\",\"name\":\"Re-f\u00e8 - Apri, svuota e ricicla capsule caff\u00e8\",\"description\":\"Ricicla e svuota capsule caff\u00e8. Apricapsule per separare capsule caff\u00e8 Nespresso e compatibili. Dai una seconda vita alle tue pause caff\u00e8.\",\"publisher\":{\"@id\":\"https:\/\/re-fe.com\/#organization\"},\"potentialAction\":[{\"@type\":\"SearchAction\",\"target\":{\"@type\":\"EntryPoint\",\"urlTemplate\":\"https:\/\/re-fe.com\/?s={search_term_string}\"},\"query-input\":\"required name=search_term_string\"}],\"inLanguage\":\"en-US\"},{\"@type\":\"Organization\",\"@id\":\"https:\/\/re-fe.com\/#organization\",\"name\":\"Re-f\u00e8\",\"url\":\"https:\/\/re-fe.com\/\",\"logo\":{\"@type\":\"ImageObject\",\"inLanguage\":\"en-US\",\"@id\":\"https:\/\/re-fe.com\/#\/schema\/logo\/image\/\",\"url\":\"https:\/\/re-fe.com\/wp-content\/uploads\/2022\/07\/Logo-Re-fe_Nero.png\",\"contentUrl\":\"https:\/\/re-fe.com\/wp-content\/uploads\/2022\/07\/Logo-Re-fe_Nero.png\",\"width\":2105,\"height\":647,\"caption\":\"Re-f\u00e8\"},\"image\":{\"@id\":\"https:\/\/re-fe.com\/#\/schema\/logo\/image\/\"},\"sameAs\":[\"https:\/\/www.facebook.com\/refecoffee\/\",\"https:\/\/www.instagram.com\/refe_coffee\/\",\"https:\/\/www.linkedin.com\/company\/re-fe\"]}]}<\/script>\n<!-- \/ Yoast SEO plugin. -->","yoast_head_json":{"title":"Screwable Base - Replacement Component | Re-f\u00e8","robots":{"index":"index","follow":"follow","max-snippet":"max-snippet:-1","max-image-preview":"max-image-preview:large","max-video-preview":"max-video-preview:-1"},"canonical":"https:\/\/re-fe.com\/en\/prodotto\/screwable-base-for-re-fe-original-replacement-component\/","og_locale":"en_US","og_type":"article","og_title":"Screwable Base - Replacement Component | Re-f\u00e8","og_description":"\"Screwable base\" replacement component compatible with Re-f\u00e8 Original. Replace the bioplastic \"base\" part with this component to repair and return to use Re-f\u00e8 Original. Re-f\u00e8 Original is a capsule opener suitable for Nespresso\u00ae* Original and other compatible aluminum capsule brands. A tool for easily separating used aluminum capsules from coffee grounds. Made and produced in Italy, and 3D printed. Re-f\u00e8 is modular and individual components are replaceable by purchasing them individually. PLEASE NOTE: **Re-f\u00e8 is compatible with all brands of aluminum capsules (excluding capsules for professional, 'built-in', and Nespresso\u00ae* Vertuo models). Not compatible with plastic capsules. *The Nespresso brand is owned by Nestl\u00e9 Products Company S.A.","og_url":"https:\/\/re-fe.com\/en\/prodotto\/screwable-base-for-re-fe-original-replacement-component\/","og_site_name":"Re-f\u00e8","article_publisher":"https:\/\/www.facebook.com\/refecoffee\/","article_modified_time":"2023-08-08T18:48:51+00:00","og_image":[{"width":1432,"height":1432,"url":"https:\/\/re-fe.com\/wp-content\/uploads\/2022\/07\/DSC00253copia7.jpg","type":"image\/jpeg"}],"twitter_card":"summary_large_image","schema":{"@context":"https:\/\/schema.org","@graph":[{"@type":"WebPage","@id":"https:\/\/re-fe.com\/en\/prodotto\/screwable-base-for-re-fe-original-replacement-component\/","url":"https:\/\/re-fe.com\/en\/prodotto\/screwable-base-for-re-fe-original-replacement-component\/","name":"Screwable Base - Replacement Component | Re-f\u00e8","isPartOf":{"@id":"https:\/\/re-fe.com\/#website"},"datePublished":"2022-07-27T08:12:33+00:00","dateModified":"2023-08-08T18:48:51+00:00","breadcrumb":{"@id":"https:\/\/re-fe.com\/en\/prodotto\/screwable-base-for-re-fe-original-replacement-component\/#breadcrumb"},"inLanguage":"en-US","potentialAction":[{"@type":"ReadAction","target":["https:\/\/re-fe.com\/en\/prodotto\/screwable-base-for-re-fe-original-replacement-component\/"]}]},{"@type":"BreadcrumbList","@id":"https:\/\/re-fe.com\/en\/prodotto\/screwable-base-for-re-fe-original-replacement-component\/#breadcrumb","itemListElement":[{"@type":"ListItem","position":1,"name":"Home","item":"https:\/\/re-fe.com\/en\/"},{"@type":"ListItem","position":2,"name":"Shop","item":"https:\/\/re-fe.com\/en\/shop\/"},{"@type":"ListItem","position":3,"name":"Screwable Base &#8211; Replacement Component"}]},{"@type":"WebSite","@id":"https:\/\/re-fe.com\/#website","url":"https:\/\/re-fe.com\/","name":"Re-f\u00e8 - Apri, svuota e ricicla capsule caff\u00e8","description":"Ricicla e svuota capsule caff\u00e8. Apricapsule per separare capsule caff\u00e8 Nespresso e compatibili. Dai una seconda vita alle tue pause caff\u00e8.","publisher":{"@id":"https:\/\/re-fe.com\/#organization"},"potentialAction":[{"@type":"SearchAction","target":{"@type":"EntryPoint","urlTemplate":"https:\/\/re-fe.com\/?s={search_term_string}"},"query-input":"required name=search_term_string"}],"inLanguage":"en-US"},{"@type":"Organization","@id":"https:\/\/re-fe.com\/#organization","name":"Re-f\u00e8","url":"https:\/\/re-fe.com\/","logo":{"@type":"ImageObject","inLanguage":"en-US","@id":"https:\/\/re-fe.com\/#\/schema\/logo\/image\/","url":"https:\/\/re-fe.com\/wp-content\/uploads\/2022\/07\/Logo-Re-fe_Nero.png","contentUrl":"https:\/\/re-fe.com\/wp-content\/uploads\/2022\/07\/Logo-Re-fe_Nero.png","width":2105,"height":647,"caption":"Re-f\u00e8"},"image":{"@id":"https:\/\/re-fe.com\/#\/schema\/logo\/image\/"},"sameAs":["https:\/\/www.facebook.com\/refecoffee\/","https:\/\/www.instagram.com\/refe_coffee\/","https:\/\/www.linkedin.com\/company\/re-fe"]}]}},"_links":{"self":[{"href":"https:\/\/re-fe.com\/en\/wp-json\/wp\/v2\/product\/3171","targetHints":{"allow":["GET"]}}],"collection":[{"href":"https:\/\/re-fe.com\/en\/wp-json\/wp\/v2\/product"}],"about":[{"href":"https:\/\/re-fe.com\/en\/wp-json\/wp\/v2\/types\/product"}],"version-history":[{"count":3,"href":"https:\/\/re-fe.com\/en\/wp-json\/wp\/v2\/product\/3171\/revisions"}],"predecessor-version":[{"id":3814,"href":"https:\/\/re-fe.com\/en\/wp-json\/wp\/v2\/product\/3171\/revisions\/3814"}],"wp:featuredmedia":[{"embeddable":true,"href":"https:\/\/re-fe.com\/en\/wp-json\/wp\/v2\/media\/2999"}],"wp:attachment":[{"href":"https:\/\/re-fe.com\/en\/wp-json\/wp\/v2\/media?parent=3171"}],"wp:term":[{"taxonomy":"product_brand","embeddable":true,"href":"https:\/\/re-fe.com\/en\/wp-json\/wp\/v2\/product_brand?post=3171"},{"taxonomy":"product_cat","embeddable":true,"href":"https:\/\/re-fe.com\/en\/wp-json\/wp\/v2\/product_cat?post=3171"},{"taxonomy":"product_tag","embeddable":true,"href":"https:\/\/re-fe.com\/en\/wp-json\/wp\/v2\/product_tag?post=3171"}],"curies":[{"name":"wp","href":"https:\/\/api.w.org\/{rel}","templated":true}]}}