{"id":2983,"date":"2022-07-25T16:46:55","date_gmt":"2022-07-25T14:46:55","guid":{"rendered":"https:\/\/re-fe.com\/cart-2\/"},"modified":"2024-06-13T13:31:02","modified_gmt":"2024-06-13T11:31:02","slug":"cart-2","status":"publish","type":"page","link":"https:\/\/re-fe.com\/en\/cart-2\/","title":{"rendered":"Cart"},"content":{"rendered":"\t\t<div data-elementor-type=\"wp-page\" data-elementor-id=\"2983\" class=\"elementor elementor-2983 elementor-82\" data-elementor-post-type=\"page\">\n\t\t\t\t\t\t\t\t\t<section class=\"elementor-section elementor-top-section elementor-element elementor-element-5dbb840b elementor-section-boxed elementor-section-height-default elementor-section-height-default\" data-id=\"5dbb840b\" data-element_type=\"section\">\n\t\t\t\t\t\t<div class=\"elementor-container elementor-column-gap-no\">\n\t\t\t\t\t<div class=\"elementor-column elementor-col-100 elementor-top-column elementor-element elementor-element-45ac7290\" data-id=\"45ac7290\" data-element_type=\"column\">\n\t\t\t<div class=\"elementor-widget-wrap elementor-element-populated\">\n\t\t\t\t\t\t\t\t\t<\/div>\n\t\t<\/div>\n\t\t\t\t\t\t\t<\/div>\n\t\t<\/section>\n\t\t\t\t\t\t\t<\/div>\n\t\t","protected":false},"excerpt":{"rendered":"","protected":false},"author":1,"featured_media":0,"parent":0,"menu_order":0,"comment_status":"closed","ping_status":"closed","template":"elementor_header_footer","meta":{"footnotes":""},"class_list":["post-2983","page","type-page","status-publish","hentry"],"acf":[],"yoast_head":"<!-- This site is optimized with the Yoast SEO plugin v21.8 - https:\/\/yoast.com\/wordpress\/plugins\/seo\/ -->\n<title>Cart | Re-f\u00e8<\/title>\n<meta name=\"robots\" content=\"index, follow, max-snippet:-1, max-image-preview:large, max-video-preview:-1\" \/>\n<link rel=\"canonical\" href=\"https:\/\/re-fe.com\/en\/cart-2\/\" \/>\n<meta property=\"og:locale\" content=\"en_US\" \/>\n<meta property=\"og:type\" content=\"article\" \/>\n<meta property=\"og:title\" content=\"Cart | Re-f\u00e8\" \/>\n<meta property=\"og:url\" content=\"https:\/\/re-fe.com\/en\/cart-2\/\" \/>\n<meta property=\"og:site_name\" content=\"Re-f\u00e8\" \/>\n<meta property=\"article:publisher\" content=\"https:\/\/www.facebook.com\/refecoffee\/\" \/>\n<meta property=\"article:modified_time\" content=\"2024-06-13T11:31:02+00:00\" \/>\n<meta name=\"twitter:card\" content=\"summary_large_image\" \/>\n<script type=\"application\/ld+json\" class=\"yoast-schema-graph\">{\"@context\":\"https:\/\/schema.org\",\"@graph\":[{\"@type\":\"WebPage\",\"@id\":\"https:\/\/re-fe.com\/en\/cart-2\/\",\"url\":\"https:\/\/re-fe.com\/en\/cart-2\/\",\"name\":\"Cart | Re-f\u00e8\",\"isPartOf\":{\"@id\":\"https:\/\/re-fe.com\/#website\"},\"datePublished\":\"2022-07-25T14:46:55+00:00\",\"dateModified\":\"2024-06-13T11:31:02+00:00\",\"breadcrumb\":{\"@id\":\"https:\/\/re-fe.com\/en\/cart-2\/#breadcrumb\"},\"inLanguage\":\"en-US\",\"potentialAction\":[{\"@type\":\"ReadAction\",\"target\":[\"https:\/\/re-fe.com\/en\/cart-2\/\"]}]},{\"@type\":\"BreadcrumbList\",\"@id\":\"https:\/\/re-fe.com\/en\/cart-2\/#breadcrumb\",\"itemListElement\":[{\"@type\":\"ListItem\",\"position\":1,\"name\":\"Home\",\"item\":\"https:\/\/re-fe.com\/en\/\"},{\"@type\":\"ListItem\",\"position\":2,\"name\":\"Cart\"}]},{\"@type\":\"WebSite\",\"@id\":\"https:\/\/re-fe.com\/#website\",\"url\":\"https:\/\/re-fe.com\/\",\"name\":\"Re-f\u00e8 - Apri, svuota e ricicla capsule caff\u00e8\",\"description\":\"Ricicla e svuota capsule caff\u00e8. Apricapsule per separare capsule caff\u00e8 Nespresso e compatibili. Dai una seconda vita alle tue pause caff\u00e8.\",\"publisher\":{\"@id\":\"https:\/\/re-fe.com\/#organization\"},\"potentialAction\":[{\"@type\":\"SearchAction\",\"target\":{\"@type\":\"EntryPoint\",\"urlTemplate\":\"https:\/\/re-fe.com\/?s={search_term_string}\"},\"query-input\":\"required name=search_term_string\"}],\"inLanguage\":\"en-US\"},{\"@type\":\"Organization\",\"@id\":\"https:\/\/re-fe.com\/#organization\",\"name\":\"Re-f\u00e8\",\"url\":\"https:\/\/re-fe.com\/\",\"logo\":{\"@type\":\"ImageObject\",\"inLanguage\":\"en-US\",\"@id\":\"https:\/\/re-fe.com\/#\/schema\/logo\/image\/\",\"url\":\"https:\/\/re-fe.com\/wp-content\/uploads\/2022\/07\/Logo-Re-fe_Nero.png\",\"contentUrl\":\"https:\/\/re-fe.com\/wp-content\/uploads\/2022\/07\/Logo-Re-fe_Nero.png\",\"width\":2105,\"height\":647,\"caption\":\"Re-f\u00e8\"},\"image\":{\"@id\":\"https:\/\/re-fe.com\/#\/schema\/logo\/image\/\"},\"sameAs\":[\"https:\/\/www.facebook.com\/refecoffee\/\",\"https:\/\/www.instagram.com\/refe_coffee\/\",\"https:\/\/www.linkedin.com\/company\/re-fe\"]}]}<\/script>\n<!-- \/ Yoast SEO plugin. -->","yoast_head_json":{"title":"Cart | Re-f\u00e8","robots":{"index":"index","follow":"follow","max-snippet":"max-snippet:-1","max-image-preview":"max-image-preview:large","max-video-preview":"max-video-preview:-1"},"canonical":"https:\/\/re-fe.com\/en\/cart-2\/","og_locale":"en_US","og_type":"article","og_title":"Cart | Re-f\u00e8","og_url":"https:\/\/re-fe.com\/en\/cart-2\/","og_site_name":"Re-f\u00e8","article_publisher":"https:\/\/www.facebook.com\/refecoffee\/","article_modified_time":"2024-06-13T11:31:02+00:00","twitter_card":"summary_large_image","schema":{"@context":"https:\/\/schema.org","@graph":[{"@type":"WebPage","@id":"https:\/\/re-fe.com\/en\/cart-2\/","url":"https:\/\/re-fe.com\/en\/cart-2\/","name":"Cart | Re-f\u00e8","isPartOf":{"@id":"https:\/\/re-fe.com\/#website"},"datePublished":"2022-07-25T14:46:55+00:00","dateModified":"2024-06-13T11:31:02+00:00","breadcrumb":{"@id":"https:\/\/re-fe.com\/en\/cart-2\/#breadcrumb"},"inLanguage":"en-US","potentialAction":[{"@type":"ReadAction","target":["https:\/\/re-fe.com\/en\/cart-2\/"]}]},{"@type":"BreadcrumbList","@id":"https:\/\/re-fe.com\/en\/cart-2\/#breadcrumb","itemListElement":[{"@type":"ListItem","position":1,"name":"Home","item":"https:\/\/re-fe.com\/en\/"},{"@type":"ListItem","position":2,"name":"Cart"}]},{"@type":"WebSite","@id":"https:\/\/re-fe.com\/#website","url":"https:\/\/re-fe.com\/","name":"Re-f\u00e8 - Apri, svuota e ricicla capsule caff\u00e8","description":"Ricicla e svuota capsule caff\u00e8. Apricapsule per separare capsule caff\u00e8 Nespresso e compatibili. Dai una seconda vita alle tue pause caff\u00e8.","publisher":{"@id":"https:\/\/re-fe.com\/#organization"},"potentialAction":[{"@type":"SearchAction","target":{"@type":"EntryPoint","urlTemplate":"https:\/\/re-fe.com\/?s={search_term_string}"},"query-input":"required name=search_term_string"}],"inLanguage":"en-US"},{"@type":"Organization","@id":"https:\/\/re-fe.com\/#organization","name":"Re-f\u00e8","url":"https:\/\/re-fe.com\/","logo":{"@type":"ImageObject","inLanguage":"en-US","@id":"https:\/\/re-fe.com\/#\/schema\/logo\/image\/","url":"https:\/\/re-fe.com\/wp-content\/uploads\/2022\/07\/Logo-Re-fe_Nero.png","contentUrl":"https:\/\/re-fe.com\/wp-content\/uploads\/2022\/07\/Logo-Re-fe_Nero.png","width":2105,"height":647,"caption":"Re-f\u00e8"},"image":{"@id":"https:\/\/re-fe.com\/#\/schema\/logo\/image\/"},"sameAs":["https:\/\/www.facebook.com\/refecoffee\/","https:\/\/www.instagram.com\/refe_coffee\/","https:\/\/www.linkedin.com\/company\/re-fe"]}]}},"_links":{"self":[{"href":"https:\/\/re-fe.com\/en\/wp-json\/wp\/v2\/pages\/2983","targetHints":{"allow":["GET"]}}],"collection":[{"href":"https:\/\/re-fe.com\/en\/wp-json\/wp\/v2\/pages"}],"about":[{"href":"https:\/\/re-fe.com\/en\/wp-json\/wp\/v2\/types\/page"}],"author":[{"embeddable":true,"href":"https:\/\/re-fe.com\/en\/wp-json\/wp\/v2\/users\/1"}],"replies":[{"embeddable":true,"href":"https:\/\/re-fe.com\/en\/wp-json\/wp\/v2\/comments?post=2983"}],"version-history":[{"count":4,"href":"https:\/\/re-fe.com\/en\/wp-json\/wp\/v2\/pages\/2983\/revisions"}],"predecessor-version":[{"id":4689,"href":"https:\/\/re-fe.com\/en\/wp-json\/wp\/v2\/pages\/2983\/revisions\/4689"}],"wp:attachment":[{"href":"https:\/\/re-fe.com\/en\/wp-json\/wp\/v2\/media?parent=2983"}],"curies":[{"name":"wp","href":"https:\/\/api.w.org\/{rel}","templated":true}]}}